{"id":424,"date":"2020-08-07T19:08:52","date_gmt":"2020-08-07T17:08:52","guid":{"rendered":"https:\/\/www.paultex.it\/?page_id=424"},"modified":"2020-08-07T19:09:31","modified_gmt":"2020-08-07T17:09:31","slug":"informativa-privacy","status":"publish","type":"page","link":"https:\/\/www.paultex.it\/ja\/informativa-privacy\/","title":{"rendered":"Informativa privacy"},"content":{"rendered":"<table width=\"699\">\n<tbody>\n<tr>\n<td width=\"699\"><strong>INFORMATIVA PRIVACY UTENTI DEL SITO &#8211; A NORMA DELL\u2019ART. 13<\/strong><strong> DEL RGDP PER I DATI RACCOLTI DIRETTAMENTE PRESSO L\u2019INTERESSATO<\/strong><\/td>\n<\/tr>\n<\/tbody>\n<\/table>\n<p>&nbsp;<\/p>\n<p>Gentile utente<\/p>\n<p>&nbsp;<\/p>\n<p>Il Regolamento Europeo in materia di protezione dei dati personali (RGDP) all\u2019art. 13, comma. 1, impone l\u2019obbligo di informare l\u2019interessato, in caso di raccolta diretta dei suoi dati, sugli elementi fondamentali del trattamento, specificandoli al \u00a7 1, lett. a\/f.<\/p>\n<p>La scrivente azienda vi adempie compiutamente informandoLa che:<\/p>\n<p>&nbsp;<\/p>\n<p>Titolare del trattamento \u00e8 l\u2019impresa LANIFICIO PAULTEX S.R.L., sita in AGLIANA 51031 (PT), VIA A. VOLTA, 2<\/p>\n<p>PEC: paultex@pec.paultex.com\u00a0\u00a0\u00a0\u00a0\u00a0\u00a0\u00a0\u00a0\u00a0\u00a0\u00a0\u00a0\u00a0\u00a0\u00a0\u00a0\u00a0\u00a0\u00a0\u00a0 \u00a0 EMAIL: info@paultex.com<\/p>\n<p>TEL.: 0574711478<\/p>\n<p>&nbsp;<\/p>\n<p>I dati forniti sono raccolti al fine di dare risposta alla sua richiesta di chiarimento (richiesta commerciale, informazioni, ecc.) la cui base giuridica sar\u00e0 il consenso espresso.<\/p>\n<p>&nbsp;<\/p>\n<p>Il conferimento dei dati \u00e8 facoltativo, ed il suo eventuale rifiuto a rispondere comporter\u00e0 l\u2019impossibilit\u00e0 di dare un seguito alla sua richiesta.<\/p>\n<p>&nbsp;<\/p>\n<p><strong>DESTINATARI DEI DATI<\/strong><\/p>\n<p>Possono essere destinatari dei dati raccolti a seguito della consultazione del sito sopra elencato i seguenti soggetti:<\/p>\n<p><strong>01BIT SRLS, P. Iva: 02355500972, corrente in VIA SCARPETTINI N.392, MONTEMURLO (PO)<\/strong> quale fornitore dei servizi di sviluppo e manutenzione del sito web;<\/p>\n<p><strong>Aruba Business s.p.a. <\/strong>fornitore della piattaforma tecnologica sulla quale risiede il sito.<\/p>\n<p>I dati personali raccolti possono essere trattati dal personale del Titolare, che agisce sulla base di specifiche istruzioni fornite in ordine a finalit\u00e0 e modalit\u00e0 del trattamento medesimo.<\/p>\n<p>Informazioni aggiuntive ulteriori necessarie per garantire un trattamento corretto e trasparente:<\/p>\n<p>&nbsp;<\/p>\n<p>Il periodo di conservazione dei dati personali contenuti nelle banche dati relative alla sua richiesta saranno conservati per il tempo necessario a gestire la sua richiesta di informazioni.<\/p>\n<p>&nbsp;<\/p>\n<p>DIRITTI DEGLI INTERESSATI<\/p>\n<p>Gli interessati hanno il diritto di ottenere dal Titolare, nei casi previsti, l&#8217;accesso ai dati personali e la rettifica o la cancellazione degli stessi o la limitazione del trattamento che li riguarda o di opporsi al trattamento (artt. 15 e ss. del Regolamento).<\/p>\n<p>Per le attivit\u00e0 di trattamento per cui la base giuridica \u00e8 il consenso da lei prestato, Le \u00e8 riconosciuto il diritto di revoca dello stesso in qualsiasi momento senza pregiudicare la liceit\u00e0 del trattamento basata sul consenso prestato prima della revoca.<\/p>\n<p>DIRITTO DI RECLAMO<\/p>\n<p>Gli interessati che ritengono che il trattamento dei dati personali a loro riferiti effettuato attraverso questo sito avvenga in violazione di quanto previsto dal Regolamento hanno il diritto di proporre reclamo al Titolare, come previsto dall&#8217;art. 77 del Regolamento stesso, o di adire le opportune sedi giudiziarie (art. 79 del Regolamento).<\/p>\n","protected":false},"excerpt":{"rendered":"<p>INFORMATIVA PRIVACY UTENTI DEL SITO &#8211; A NORMA DELL\u2019ART. 13 DEL RGDP P [&hellip;]<\/p>\n","protected":false},"author":3,"featured_media":0,"parent":0,"menu_order":0,"comment_status":"closed","ping_status":"closed","template":"","meta":{"footnotes":""},"_links":{"self":[{"href":"https:\/\/www.paultex.it\/ja\/wp-json\/wp\/v2\/pages\/424"}],"collection":[{"href":"https:\/\/www.paultex.it\/ja\/wp-json\/wp\/v2\/pages"}],"about":[{"href":"https:\/\/www.paultex.it\/ja\/wp-json\/wp\/v2\/types\/page"}],"author":[{"embeddable":true,"href":"https:\/\/www.paultex.it\/ja\/wp-json\/wp\/v2\/users\/3"}],"replies":[{"embeddable":true,"href":"https:\/\/www.paultex.it\/ja\/wp-json\/wp\/v2\/comments?post=424"}],"version-history":[{"count":5,"href":"https:\/\/www.paultex.it\/ja\/wp-json\/wp\/v2\/pages\/424\/revisions"}],"predecessor-version":[{"id":429,"href":"https:\/\/www.paultex.it\/ja\/wp-json\/wp\/v2\/pages\/424\/revisions\/429"}],"wp:attachment":[{"href":"https:\/\/www.paultex.it\/ja\/wp-json\/wp\/v2\/media?parent=424"}],"curies":[{"name":"wp","href":"https:\/\/api.w.org\/{rel}","templated":true}]}}