{"id":196,"date":"2018-06-20T17:23:56","date_gmt":"2018-06-20T15:23:56","guid":{"rendered":"https:\/\/www.paultex.it\/?page_id=196"},"modified":"2021-01-11T18:20:35","modified_gmt":"2021-01-11T17:20:35","slug":"la-storia","status":"publish","type":"page","link":"https:\/\/www.paultex.it\/es\/la-storia\/","title":{"rendered":"Nuestra Historia"},"content":{"rendered":"<p>Lanificio Paultex Srl se funda en 1974 de una idea de Paolo Guarducci con el objetivo de producir tejidos de lana e importar pantalones vaqueros.<\/p>\n<p>Entre 1979 y 1982 se adquieren dos plantas de hilatura que\u00a0 m\u00e1s adelante se integrar\u00e1n y a\u00f1adir\u00e1n junto con la maquinaria de hilatura y una planta dedicada al acabado de tejidos. En la sede de Agliana se llevan a cabo todas las actividades administrativas y comerciales as\u00ed como la planificaci\u00f3n y el control de la producci\u00f3n.<\/p>\n<p>Nuestra compa\u00f1\u00eda es reconocida por la calidad de sus productos que son el resultado de una combinaci\u00f3n de tecnolog\u00eda y tradici\u00f3n, adem\u00e1s de\u00a0 por la profesionalidad del servicio ofrecido. Desde el a\u00f1o 2015 despu\u00e9s del fallecimiento de Paolo Guarducci la compa\u00f1\u00eda establece una nueva reorganizaci\u00f3n, pero optando por mantener firmemente sus ra\u00edces \u00a0en la tradici\u00f3n mientras apuesta por la internacionalizaci\u00f3n, la innovaci\u00f3n y la diversificaci\u00f3n de productos para satisfacer las demandas de unos mercados cada vez m\u00e1s exigentes.<\/p>\n<p>Para Paultex la integraci\u00f3n de todas las fases de la cadena de suministros no es solo un motivo de orgullo, sino tambi\u00e9n un verdadero activo estrat\u00e9gico que permite un mayor control del producto, mayor flexibilidad y rapidez en los tiempos de producci\u00f3n.<\/p>\n<p>La red de ventas est\u00e1 ya muy extendida y las colecciones son presentadas durante las principales ferias internacionales.<\/p>\n<p><div id=\"metaslider-id-291\" style=\"max-width: 500px; margin: 0 auto;\" class=\"ml-slider-3-80-0 metaslider metaslider-flex metaslider-291 ml-slider ms-theme-default nav-hidden nav-hidden nav-hidden\" role=\"region\" aria-roledescription=\"Slideshow\" aria-label=\"Storia\">\n    <div id=\"metaslider_container_291\">\n        <div id=\"metaslider_291\">\n            <ul class='slides'>\n                <li style=\"display: block; width: 100%;\" class=\"slide-295 ms-image \" aria-roledescription=\"slide\" aria-label=\"slide-295\"><img loading=\"lazy\" decoding=\"async\" src=\"https:\/\/www.paultex.it\/wp-content\/uploads\/2018\/06\/lavorazioni-4-500x300.jpg\" height=\"300\" width=\"500\" alt=\"\" class=\"slider-291 slide-295\" title=\"lavorazioni 4\" \/><\/li>\n                <li style=\"display: none; width: 100%;\" class=\"slide-297 ms-image \" aria-roledescription=\"slide\" aria-label=\"slide-297\"><img loading=\"lazy\" decoding=\"async\" src=\"https:\/\/www.paultex.it\/wp-content\/uploads\/2018\/06\/tessuti-lav5-500x300.jpg\" height=\"300\" width=\"500\" alt=\"\" class=\"slider-291 slide-297\" title=\"tessuti lav5\" \/><\/li>\n                <li style=\"display: none; width: 100%;\" class=\"slide-293 ms-image \" aria-roledescription=\"slide\" aria-label=\"slide-293\"><img loading=\"lazy\" decoding=\"async\" src=\"https:\/\/www.paultex.it\/wp-content\/uploads\/2018\/06\/lavorazioi-4-500x300.jpg\" height=\"300\" width=\"500\" alt=\"\" class=\"slider-291 slide-293\" title=\"lavorazioi 4\" \/><\/li>\n            <\/ul>\n        <\/div>\n        \n    <\/div>\n<\/div><\/p>","protected":false},"excerpt":{"rendered":"<p>Lanificio Paultex Srl se funda en 1974 de una idea de Paolo Guarducci con el objetivo de producir tejidos de lana e importar pantalones vaqueros. Entre 1979 y 1982 se adquieren dos plantas de hilatura que\u00a0 m\u00e1s adelante se integrar\u00e1n y a\u00f1adir\u00e1n junto con la maquinaria de hilatura y una planta dedicada al acabado de tejidos. En la sede de Agliana se llevan a cabo todas las actividades administrativas y comerciales as\u00ed como la planificaci\u00f3n [&hellip;]<\/p>\n","protected":false},"author":2,"featured_media":0,"parent":0,"menu_order":0,"comment_status":"closed","ping_status":"closed","template":"","meta":{"footnotes":""},"_links":{"self":[{"href":"https:\/\/www.paultex.it\/es\/wp-json\/wp\/v2\/pages\/196"}],"collection":[{"href":"https:\/\/www.paultex.it\/es\/wp-json\/wp\/v2\/pages"}],"about":[{"href":"https:\/\/www.paultex.it\/es\/wp-json\/wp\/v2\/types\/page"}],"author":[{"embeddable":true,"href":"https:\/\/www.paultex.it\/es\/wp-json\/wp\/v2\/users\/2"}],"replies":[{"embeddable":true,"href":"https:\/\/www.paultex.it\/es\/wp-json\/wp\/v2\/comments?post=196"}],"version-history":[{"count":32,"href":"https:\/\/www.paultex.it\/es\/wp-json\/wp\/v2\/pages\/196\/revisions"}],"predecessor-version":[{"id":446,"href":"https:\/\/www.paultex.it\/es\/wp-json\/wp\/v2\/pages\/196\/revisions\/446"}],"wp:attachment":[{"href":"https:\/\/www.paultex.it\/es\/wp-json\/wp\/v2\/media?parent=196"}],"curies":[{"name":"wp","href":"https:\/\/api.w.org\/{rel}","templated":true}]}}